{"id":4160,"date":"2019-08-15T09:38:22","date_gmt":"2019-08-15T09:38:22","guid":{"rendered":"http:\/\/vivilavita.al\/?page_id=4160"},"modified":"2019-08-28T15:52:47","modified_gmt":"2019-08-28T15:52:47","slug":"services","status":"publish","type":"page","link":"https:\/\/vivilavita.al\/sq\/services\/","title":{"rendered":"Sh\u00ebrbimet"},"content":{"rendered":"<div class=\"wpb-content-wrapper\"><p>[vc_row][vc_column]<div class=\"sohohotel-title1 sohohotel-title-color\"><h1>Sh\u00ebrbimet q\u00eb ne ofrojm\u00eb<\/h1><h3><\/h3><\/div>[vc_column_text]N\u00eb Hotel Vivi La Vita, ne \u00a0kemi shum\u00eb per t\u00eb ofruar. WiFi falas, parkim privat falas . T\u00eb gjitha dhomat jan\u00eb me kondicioner,t\u00eb gjitha dhomat \u00a0jan\u00eb t\u00eb pajisura me\u00a0 televizor HD dhe dekoder satelitor. N\u00eb dhoma ka karrige, divan\u00eb, dollap, k\u00ebto jan\u00eb n\u00eb var\u00ebsi t\u00eb llojit t\u00eb dhom\u00ebs q\u00eb ju rezervoni. Banjat jan\u00eb private dhe jan\u00eb t\u00eb kompletuara. Extra n\u00eb rezervim p\u00ebrfshihen rrobat e banj\u00ebs, thar\u00ebse flok\u00ebsh, etj.<\/p>\n<p>Aeroporti i Tiran\u00ebs \u00ebsht\u00eb 20 km nga hoteli. N\u00ebse d\u00ebshironi sh\u00ebrbim taksi nga aeroporti, ne do t\u00eb d\u00ebrgojm\u00eb taksin\u00eb p\u00ebr tju marr\u00eb, p\u00ebr 40 \u20ac shtes\u00eb. Sh\u00ebrbimi n\u00eb dhom\u00eb \u00ebsht\u00eb n\u00eb dispozicion 24 or\u00eb, Check-in \u00ebsht\u00eb gjithashtu n\u00eb dispozicion n\u00eb \u00e7do koh\u00eb, nd\u00ebrsa Check-out \u00ebsht\u00eb deri n\u00eb or\u00ebn 12:00. N\u00ebse d\u00ebshironi q\u00eb m\u00ebngjesi t\u00eb p\u00ebrfshihet n\u00eb sh\u00ebrbimin tuaj, duhet ti k\u00ebrkoni recepsionit k\u00ebt\u00eb extra sh\u00ebrbim dhe ne do ti sjellim n\u00eb dhom\u00eb. Ju mund t\u00eb porositni \u00a0gjith\u00e7ka nga menuja e restorantit.<\/p>\n<p>Restoranti dhe Bari \u00ebsht\u00eb i hapur nga ora 11:00 e m\u00ebngjesit deri n\u00eb or\u00ebn 23:00 te dark\u00ebs. N\u00eb restorant keni kryesisht ushqime deti t\u00eb fresk\u00ebta dhe t\u00eb shijshme. N\u00eb hotel kemi 6 Dhoma Standarte, 17 Deluxe dhe 3 Suita. T\u00eb gjitha dhomat jan\u00eb t\u00eb kompletuara, dhe ju mund t\u00eb rezervoni dhom\u00ebn q\u00eb ju p\u00ebrshtatet m\u00eb shum\u00eb. N\u00eb dhomat suit\u00eb kemi nje risi, n\u00eb banj\u00eb kemi shtuar xhakuzi. N\u00eb televizor kemi instaluar nj\u00eb dekoder i cili kap \u00a0m\u00eb shum\u00eb se 1000 kanale.<\/p>\n<p>Restoranti Hotel Vivi La Vita \u00ebsht\u00eb vendi ku cil\u00ebsia \u00ebsht\u00eb m\u00eb e lart\u00eb se \u00e7mimi.<\/p>\n<p>[\/vc_column_text][vc_empty_space][\/vc_column][\/vc_row][vc_row][vc_column width=&#8221;1\/4&#8243;][vc_single_image image=&#8221;4220&#8243; alignment=&#8221;center&#8221;][vc_column_text css=&#8221;.vc_custom_1566918299188{padding-top: 10px !important;padding-right: 10px !important;padding-bottom: 10px !important;padding-left: 10px !important;}&#8221;]<\/p>\n<h3 style=\"text-align: center;\"><strong>Parkim falas<\/strong><\/h3>\n<h6 style=\"text-align: left;\"><\/h6>\n<h6><strong>N\u00eb hotel ne ofrojm\u00eb parkim privat falas.<\/strong><\/h6>\n<p>[\/vc_column_text][\/vc_column][vc_column width=&#8221;1\/4&#8243;][vc_single_image image=&#8221;4219&#8243; alignment=&#8221;center&#8221;][vc_column_text css=&#8221;.vc_custom_1566918487421{padding-top: 10px !important;padding-right: 10px !important;padding-bottom: 10px !important;padding-left: 10px !important;background-color: #ffffff !important;}&#8221;]<\/p>\n<h3 style=\"text-align: center;\"><strong>M\u00ebngjesi<\/strong><\/h3>\n<h6><strong>Ofrojm\u00eb me \u00a0extra pages\u00eb mengjesin n\u00eb dhom\u00eb.<\/strong><\/h6>\n<p>[\/vc_column_text][\/vc_column][vc_column width=&#8221;1\/4&#8243;][vc_single_image image=&#8221;4218&#8243; alignment=&#8221;center&#8221;][vc_column_text css=&#8221;.vc_custom_1566917725941{padding-top: 10px !important;padding-right: 10px !important;padding-bottom: 10px !important;padding-left: 10px !important;background-color: #ffffff !important;}&#8221;]<\/p>\n<h3 style=\"text-align: center;\"><strong>Lokali &amp; Restoranti<\/strong><\/h3>\n<h6><strong>Jan\u00eb t\u00eb hapur nga ora 11:00-23:00<\/strong><\/h6>\n<p>[\/vc_column_text][\/vc_column][vc_column width=&#8221;1\/4&#8243;][vc_single_image image=&#8221;4217&#8243; alignment=&#8221;center&#8221;][vc_column_text css=&#8221;.vc_custom_1566918439053{padding-top: 10px !important;padding-right: 10px !important;padding-bottom: 10px !important;padding-left: 10px !important;background-color: #ffffff !important;}&#8221;]<\/p>\n<h3 style=\"text-align: center;\"><strong>\u00a0Jacuzzi<\/strong><\/h3>\n<h6><strong>N\u00eb suit\u00eb kemi banjo Jacuzzi.<\/strong><\/h6>\n<p>[\/vc_column_text][\/vc_column][vc_column][vc_empty_space height=&#8221;12px&#8221; css=&#8221;.vc_custom_1566555479032{margin-right: -15px !important;margin-left: -15px !important;background-color: #fcfcfc !important;}&#8221;][\/vc_column][\/vc_row][vc_row][vc_column width=&#8221;1\/4&#8243;][vc_single_image image=&#8221;4216&#8243; alignment=&#8221;center&#8221;][vc_column_text css=&#8221;.vc_custom_1566918073998{padding-top: 10px !important;padding-right: 10px !important;padding-bottom: 10px !important;padding-left: 10px !important;}&#8221;]<\/p>\n<h3 style=\"text-align: center;\"><strong>Sh\u00ebrbimi i Dhom\u00ebs<\/strong><\/h3>\n<h6><strong>Ne ofrojm\u00eb sh\u00ebrbim dhom\u00eb 24 or\u00eb p\u00ebr klient\u00ebt tan\u00eb.<\/strong><\/h6>\n<p>[\/vc_column_text][\/vc_column][vc_column width=&#8221;1\/4&#8243;][vc_single_image image=&#8221;4343&#8243; alignment=&#8221;center&#8221;][vc_column_text css=&#8221;.vc_custom_1566918403614{padding-top: 10px !important;padding-right: 10px !important;padding-bottom: 10px !important;padding-left: 10px !important;background-color: #ffffff !important;}&#8221;]<\/p>\n<h3 style=\"text-align: center;\"><strong>Wifi<\/strong><\/h3>\n<h6><strong>Ne ofrojm\u00eb internet wireless kudo n\u00eb hotel.<\/strong><\/h6>\n<p>[\/vc_column_text][\/vc_column][vc_column width=&#8221;1\/4&#8243;][vc_single_image image=&#8221;4386&#8243; alignment=&#8221;center&#8221;][vc_column_text css=&#8221;.vc_custom_1566918155759{padding-top: 10px !important;padding-right: 10px !important;padding-bottom: 10px !important;padding-left: 10px !important;background-color: #ffffff !important;}&#8221;]<\/p>\n<h3 style=\"text-align: center;\"><strong>Sh\u00ebrbim Taksi<\/strong><\/h3>\n<h6><strong>Ne ofrojm\u00eb sherbim taksi nga aeroporti n\u00eb hotel(ekstra pages\u00eb)<\/strong><\/h6>\n<p>[\/vc_column_text][\/vc_column][vc_column width=&#8221;1\/4&#8243;][vc_single_image image=&#8221;4391&#8243; alignment=&#8221;center&#8221;][vc_column_text css=&#8221;.vc_custom_1566918203373{padding-top: 10px !important;padding-right: 10px !important;padding-bottom: 10px !important;padding-left: 10px !important;background-color: #ffffff !important;}&#8221;]<\/p>\n<h3 style=\"text-align: center;\"><strong>Kanale Televizive<\/strong><\/h3>\n<h6><strong>Ne ofrojm\u00eb falas kanale premium n\u00eb t\u00eb gjitha dhomat.<\/strong><\/h6>\n<p>[\/vc_column_text][\/vc_column][vc_column][\/vc_column][\/vc_row]<\/p>\n<\/div>","protected":false},"excerpt":{"rendered":"<p>[vc_row][vc_column][vc_column_text]N\u00eb Hotel Vivi La Vita, ne \u00a0kemi shum\u00eb per t\u00eb ofruar. WiFi falas, parkim privat falas . T\u00eb gjitha dhomat jan\u00eb me kondicioner,t\u00eb gjitha dhomat \u00a0jan\u00eb t\u00eb pajisura me\u00a0 televizor HD dhe dekoder satelitor. N\u00eb dhoma ka karrige, divan\u00eb, dollap, k\u00ebto jan\u00eb n\u00eb var\u00ebsi t\u00eb llojit t\u00eb dhom\u00ebs q\u00eb ju rezervoni. Banjat jan\u00eb private dhe<\/p>\n<a href=\"https:\/\/vivilavita.al\/sq\/services\/\" class=\"sohohotel-more-link\">Read More<i class=\"fa fa-angle-right\"><\/i><\/a>","protected":false},"author":1,"featured_media":4228,"parent":0,"menu_order":0,"comment_status":"closed","ping_status":"closed","template":"","meta":{"footnotes":""},"class_list":["post-4160","page","type-page","status-publish","has-post-thumbnail","hentry"],"_links":{"self":[{"href":"https:\/\/vivilavita.al\/sq\/wp-json\/wp\/v2\/pages\/4160","targetHints":{"allow":["GET"]}}],"collection":[{"href":"https:\/\/vivilavita.al\/sq\/wp-json\/wp\/v2\/pages"}],"about":[{"href":"https:\/\/vivilavita.al\/sq\/wp-json\/wp\/v2\/types\/page"}],"author":[{"embeddable":true,"href":"https:\/\/vivilavita.al\/sq\/wp-json\/wp\/v2\/users\/1"}],"replies":[{"embeddable":true,"href":"https:\/\/vivilavita.al\/sq\/wp-json\/wp\/v2\/comments?post=4160"}],"version-history":[{"count":59,"href":"https:\/\/vivilavita.al\/sq\/wp-json\/wp\/v2\/pages\/4160\/revisions"}],"predecessor-version":[{"id":4648,"href":"https:\/\/vivilavita.al\/sq\/wp-json\/wp\/v2\/pages\/4160\/revisions\/4648"}],"wp:featuredmedia":[{"embeddable":true,"href":"https:\/\/vivilavita.al\/sq\/wp-json\/wp\/v2\/media\/4228"}],"wp:attachment":[{"href":"https:\/\/vivilavita.al\/sq\/wp-json\/wp\/v2\/media?parent=4160"}],"curies":[{"name":"wp","href":"https:\/\/api.w.org\/{rel}","templated":true}]}}