{"id":3625,"date":"2019-07-31T11:05:05","date_gmt":"2019-07-31T11:05:05","guid":{"rendered":"http:\/\/vivilavita.al\/contact-us-1\/"},"modified":"2019-08-28T10:34:44","modified_gmt":"2019-08-28T10:34:44","slug":"contact-us","status":"publish","type":"page","link":"https:\/\/vivilavita.al\/sq\/contact-us\/","title":{"rendered":"Kontakt"},"content":{"rendered":"<div class=\"wpb-content-wrapper\"><p>[vc_row][vc_column width=&#8221;1\/2&#8243;][vc_empty_space]<div class=\"sohohotel-title3 sohohotel-title-color\"><h4>Mund t\u00eb na shkruani k\u00ebtu<\/h4><\/div>[vc_column_text css=&#8221;.vc_custom_1566560612745{padding-left: 20px !important;}&#8221;]Ne jemi k\u00ebtu p\u00ebr t&#8217;ju p\u00ebrgjigjur \u00e7do pyetje q\u00eb ju keni.\u00a0 Do ju kthejm\u00eb p\u00ebrgjigje sa m\u00eb shpejt\u00eb t\u00eb jet\u00eb e mundur.[\/vc_column_text][vc_empty_space height=&#8221;40px&#8221;]<div role=\"form\" class=\"wpcf7\" id=\"wpcf7-f4148-o2\" lang=\"en-US\" dir=\"ltr\">\n<div class=\"screen-reader-response\"><p role=\"status\" aria-live=\"polite\" aria-atomic=\"true\"><\/p> <ul><\/ul><\/div>\n<form action=\"\/sq\/wp-json\/wp\/v2\/pages\/3625#wpcf7-f4148-o2\" method=\"post\" class=\"wpcf7-form init\" novalidate=\"novalidate\" data-status=\"init\">\n<div style=\"display: none;\">\n<input type=\"hidden\" name=\"_wpcf7\" value=\"4148\" \/>\n<input type=\"hidden\" name=\"_wpcf7_version\" value=\"5.3.2\" \/>\n<input type=\"hidden\" name=\"_wpcf7_locale\" value=\"en_US\" \/>\n<input type=\"hidden\" name=\"_wpcf7_unit_tag\" value=\"wpcf7-f4148-o2\" \/>\n<input type=\"hidden\" name=\"_wpcf7_container_post\" value=\"0\" \/>\n<input type=\"hidden\" name=\"_wpcf7_posted_data_hash\" value=\"\" \/>\n<\/div>\n<p><label>  Name (required)<br \/>\n    <span class=\"wpcf7-form-control-wrap your-name\"><input type=\"text\" name=\"your-name\" value=\"\" size=\"40\" class=\"wpcf7-form-control wpcf7-text wpcf7-validates-as-required\" aria-required=\"true\" aria-invalid=\"false\" \/><\/span> <\/label><\/p>\n<p><label> Email (required)<br \/>\n    <span class=\"wpcf7-form-control-wrap your-email\"><input type=\"email\" name=\"your-email\" value=\"\" size=\"40\" class=\"wpcf7-form-control wpcf7-text wpcf7-email wpcf7-validates-as-required wpcf7-validates-as-email\" aria-required=\"true\" aria-invalid=\"false\" \/><\/span> <\/label><\/p>\n<p><label> Subject<br \/>\n    <span class=\"wpcf7-form-control-wrap your-subject\"><input type=\"text\" name=\"your-subject\" value=\"\" size=\"40\" class=\"wpcf7-form-control wpcf7-text\" aria-invalid=\"false\" \/><\/span> <\/label><\/p>\n<p><label> Your Message<br \/>\n    <span class=\"wpcf7-form-control-wrap your-message\"><textarea name=\"your-message\" cols=\"40\" rows=\"10\" class=\"wpcf7-form-control wpcf7-textarea\" aria-invalid=\"false\"><\/textarea><\/span> <\/label><\/p>\n<p><input type=\"submit\" value=\"Send\" class=\"wpcf7-form-control wpcf7-submit\" \/><\/p>\n<div class=\"wpcf7-response-output\" aria-hidden=\"true\"><\/div><\/form><\/div>[vc_empty_space][\/vc_column][vc_column width=&#8221;1\/2&#8243;]<div class=\"sohohotel-title3 sohohotel-title-color\"><h4>Si mund t\u00eb na kontaktoni<\/h4><\/div><ul class=\"sohohotel-contact-details-list\"><li class=\"sohohotel-address clearfix\">Adresa: N\u00eb Liqenin artificial t\u00eb Tiranes (250 metra majtas nga Kopshti Zoologjik)<\/li><li class=\"sohohotel-phone clearfix\">+355695389171<\/li><li class=\"sohohotel-email clearfix\"><a href=\"mailto:info@vivilavita.al\/\">info@vivilavita.al\/<\/a><\/li><\/ul><div class=\"sohohotel-title3 sohohotel-title-color\"><h4>P\u00ebr Rezervime<\/h4><\/div><ul class=\"sohohotel-contact-details-list sohohotel-contact-details-list-2\"><li class=\"sohohotel-address clearfix\">Tirana<\/li><li class=\"sohohotel-phone clearfix\">+044100064<\/li><li class=\"sohohotel-email clearfix\"><a href=\"mailto:Reservation@vivilavita.al\/\">Reservation@vivilavita.al\/<\/a><\/li><\/ul><div class=\"sohohotel-title3 sohohotel-title-color\"><h4>Mund t\u00eb na gjeni n\u00eb rrjetet sociale:<\/h4><\/div><ul class=\"sohohotel-social-links sohohotel-clearfix\"><li><a href=\"https:\/\/web.facebook.com\/vivilavitahotelrestorant\/?ref=br_rs\" target=\"_blank\"><i class=\"fa fa-facebook\"><\/i><\/a><\/li><li><a href=\"https:\/\/instagram.com\/vivi_la_vita_restaurant_hotel?igshid=1q4fyjpv5y74d\" target=\"_blank\"><i class=\"fa fa-instagram\"><\/i><\/a><\/li><li><a href=\"https:\/\/www.tripadvisor.com\/Hotel_Review-g294446-d12221803-Reviews-Vivi_La_Vita_Hotel_Restaurant-Tirana_Tirana_County.html\" target=\"_blank\"><i class=\"fa fa-tripadvisor\"><\/i><\/a><\/li><\/ul>[vc_empty_space height=&#8221;40px&#8221;][vc_gmaps link=&#8221;#E-8_JTNDaWZyYW1lJTIwc3JjJTNEJTIyaHR0cHMlM0ElMkYlMkZ3d3cuZ29vZ2xlLmNvbSUyRm1hcHMlMkZlbWJlZCUzRnBiJTNEJTIxMW0xOCUyMTFtMTIlMjExbTMlMjExZDI5OTcuMTAwNzg2NTU3NTcwMiUyMTJkMTkuODExMDMzMTE1NjY4NzY0JTIxM2Q0MS4zMDY2NzEwMDg5NTc1NiUyMTJtMyUyMTFmMCUyMTJmMCUyMTNmMCUyMTNtMiUyMTFpMTAyNCUyMTJpNzY4JTIxNGYxMy4xJTIxM20zJTIxMW0yJTIxMXMweDEzNTAzMGYxMjI4ZTVlMTklMjUzQTB4M2JjYTVmNjBiYTJmMzY3ZCUyMTJzVml2aSUyQkxhJTJCVml0YSUyQkhvdGVsJTJCJTI1MjYlMkJSZXN0YXVyYW50JTIxNWUwJTIxM20yJTIxMXNlbiUyMTJzJTIxNHYxNTY1ODYwNzM5MjQ1JTIxNW0yJTIxMXNlbiUyMTJzJTIyJTIwd2lkdGglM0QlMjI1MDAlMjIlMjBoZWlnaHQlM0QlMjI0NTAlMjIlMjBmcmFtZWJvcmRlciUzRCUyMjAlMjIlMjBzdHlsZSUzRCUyMmJvcmRlciUzQTAlMjIlMjBhbGxvd2Z1bGxzY3JlZW4lM0UlM0MlMkZpZnJhbWUlM0U=&#8221;][\/vc_column][\/vc_row][vc_row][vc_column][\/vc_column][\/vc_row]<\/p>\n<\/div>","protected":false},"excerpt":{"rendered":"<p>[vc_row][vc_column width=&#8221;1\/2&#8243;][vc_empty_space][vc_column_text css=&#8221;.vc_custom_1566560612745{padding-left: 20px !important;}&#8221;]Ne jemi k\u00ebtu p\u00ebr t&#8217;ju p\u00ebrgjigjur \u00e7do pyetje q\u00eb ju keni.\u00a0 Do ju kthejm\u00eb p\u00ebrgjigje sa m\u00eb shpejt\u00eb t\u00eb jet\u00eb e mundur.[\/vc_column_text][vc_empty_space height=&#8221;40px&#8221;][vc_empty_space][\/vc_column][vc_column width=&#8221;1\/2&#8243;][vc_empty_space height=&#8221;40px&#8221;][vc_gmaps link=&#8221;#E-8_JTNDaWZyYW1lJTIwc3JjJTNEJTIyaHR0cHMlM0ElMkYlMkZ3d3cuZ29vZ2xlLmNvbSUyRm1hcHMlMkZlbWJlZCUzRnBiJTNEJTIxMW0xOCUyMTFtMTIlMjExbTMlMjExZDI5OTcuMTAwNzg2NTU3NTcwMiUyMTJkMTkuODExMDMzMTE1NjY4NzY0JTIxM2Q0MS4zMDY2NzEwMDg5NTc1NiUyMTJtMyUyMTFmMCUyMTJmMCUyMTNmMCUyMTNtMiUyMTFpMTAyNCUyMTJpNzY4JTIxNGYxMy4xJTIxM20zJTIxMW0yJTIxMXMweDEzNTAzMGYxMjI4ZTVlMTklMjUzQTB4M2JjYTVmNjBiYTJmMzY3ZCUyMTJzVml2aSUyQkxhJTJCVml0YSUyQkhvdGVsJTJCJTI1MjYlMkJSZXN0YXVyYW50JTIxNWUwJTIxM20yJTIxMXNlbiUyMTJzJTIxNHYxNTY1ODYwNzM5MjQ1JTIxNW0yJTIxMXNlbiUyMTJzJTIyJTIwd2lkdGglM0QlMjI1MDAlMjIlMjBoZWlnaHQlM0QlMjI0NTAlMjIlMjBmcmFtZWJvcmRlciUzRCUyMjAlMjIlMjBzdHlsZSUzRCUyMmJvcmRlciUzQTAlMjIlMjBhbGxvd2Z1bGxzY3JlZW4lM0UlM0MlMkZpZnJhbWUlM0U=&#8221;][\/vc_column][\/vc_row][vc_row][vc_column][\/vc_column][\/vc_row]<\/p>\n<a href=\"https:\/\/vivilavita.al\/sq\/contact-us\/\" class=\"sohohotel-more-link\">Read More<i class=\"fa fa-angle-right\"><\/i><\/a>","protected":false},"author":1,"featured_media":4228,"parent":0,"menu_order":0,"comment_status":"closed","ping_status":"closed","template":"","meta":{"footnotes":""},"class_list":["post-3625","page","type-page","status-publish","has-post-thumbnail","hentry"],"_links":{"self":[{"href":"https:\/\/vivilavita.al\/sq\/wp-json\/wp\/v2\/pages\/3625","targetHints":{"allow":["GET"]}}],"collection":[{"href":"https:\/\/vivilavita.al\/sq\/wp-json\/wp\/v2\/pages"}],"about":[{"href":"https:\/\/vivilavita.al\/sq\/wp-json\/wp\/v2\/types\/page"}],"author":[{"embeddable":true,"href":"https:\/\/vivilavita.al\/sq\/wp-json\/wp\/v2\/users\/1"}],"replies":[{"embeddable":true,"href":"https:\/\/vivilavita.al\/sq\/wp-json\/wp\/v2\/comments?post=3625"}],"version-history":[{"count":44,"href":"https:\/\/vivilavita.al\/sq\/wp-json\/wp\/v2\/pages\/3625\/revisions"}],"predecessor-version":[{"id":4592,"href":"https:\/\/vivilavita.al\/sq\/wp-json\/wp\/v2\/pages\/3625\/revisions\/4592"}],"wp:featuredmedia":[{"embeddable":true,"href":"https:\/\/vivilavita.al\/sq\/wp-json\/wp\/v2\/media\/4228"}],"wp:attachment":[{"href":"https:\/\/vivilavita.al\/sq\/wp-json\/wp\/v2\/media?parent=3625"}],"curies":[{"name":"wp","href":"https:\/\/api.w.org\/{rel}","templated":true}]}}