{"id":3593,"date":"2019-07-31T11:04:46","date_gmt":"2019-07-31T11:04:46","guid":{"rendered":"http:\/\/vivilavita.al\/about-us-1\/"},"modified":"2019-08-28T10:35:25","modified_gmt":"2019-08-28T10:35:25","slug":"about-us","status":"publish","type":"page","link":"https:\/\/vivilavita.al\/sq\/about-us\/","title":{"rendered":"Rreth Nesh"},"content":{"rendered":"<div class=\"wpb-content-wrapper\"><p>[vc_row][vc_column][\/vc_column][\/vc_row][vc_row][vc_column width=&#8221;1\/2&#8243;][vc_empty_space]<div class=\"sohohotel-title3 sohohotel-title-color\"><h4>Informacion rreth hotelit<\/h4><\/div>[vc_column_text]Ne jemi n\u00eb nj\u00eb pjes\u00eb t\u00eb qet\u00eb t\u00eb Tiran\u00ebs, 3.1 km larg Sheshit Sk\u00ebnderbe. N\u00eb hotel kemi nj\u00eb restorant n\u00eb t\u00eb cilin gatuhet vet\u00ebm prodhime deti. WiFi falas dhe parkimi falas private ofrohet p\u00ebr ju. T\u00eb gjitha dhomat jan\u00eb me kondicioner, jan\u00eb t\u00eb pajisur me nj\u00eb TV me ekran t\u00eb shesht\u00eb  dhe dekoder satelitor. Disa dhoma kan\u00eb hapsir\u00eb t\u00eb konsiderueshme dhe jan\u00eb t\u00eb kompletuara. Banjat private e t\u00eb kompletuara, suitat kan\u00eb jacuzzi. Shtes\u00eb mund t\u00eb  p\u00ebrfshini rrobat e banj\u00ebs, nj\u00eb thar\u00ebse flok\u00ebsh, etj. Sky Tower \u00ebsht\u00eb 2.4 km larg nd\u00ebrsa Teatri Komb\u00ebtar i Operas dhe Baletit \u00ebsht\u00eb 3.4 km nga Hoteli Vivi La Vita. Aeroporti i Tiran\u00ebs \u00ebsht\u00eb 20 km nga prona. Restoranti Hotel Vivi La Vita \u00ebsht\u00eb v\u00ebndi ku cil\u00ebsia \u00ebsht\u00eb e m\u00eb lart\u00eb se \u00e7mimi.[\/vc_column_text][\/vc_column][vc_column width=&#8221;1\/2&#8243;][vc_column_text css_animation=&#8221;top-to-bottom&#8221; css=&#8221;.vc_custom_1565686000306{margin-top: 25px !important;}&#8221;][vc_row][vc_column width=&#8221;1\/1&#8243;][vc_column_text]<\/p>\n<div style=\"width: 640px;\" class=\"wp-video\"><video class=\"wp-video-shortcode\" id=\"video-3593-2\" width=\"640\" height=\"362\" autoplay preload=\"metadata\" controls=\"controls\"><source type=\"video\/mp4\" src=\"http:\/\/vivilavita.al\/\/wp-content\/uploads\/2019\/08\/video.mp4?_=2\" \/><a href=\"http:\/\/vivilavita.al\/\/wp-content\/uploads\/2019\/08\/video.mp4\">http:\/\/vivilavita.al\/\/wp-content\/uploads\/2019\/08\/video.mp4<\/a><\/video><\/div>\n<p>&nbsp;<\/p>\n\n<p>&nbsp;<\/p>\n<p>[\/vc_column_text][\/vc_column][\/vc_row]<\/p>\n<\/div>","protected":false},"excerpt":{"rendered":"<p>[vc_row][vc_column][\/vc_column][\/vc_row][vc_row][vc_column width=&#8221;1\/2&#8243;][vc_empty_space][vc_column_text]Ne jemi n\u00eb nj\u00eb pjes\u00eb t\u00eb qet\u00eb t\u00eb Tiran\u00ebs, 3.1 km larg Sheshit Sk\u00ebnderbe. N\u00eb hotel kemi nj\u00eb restorant n\u00eb t\u00eb cilin gatuhet vet\u00ebm prodhime deti. WiFi falas dhe parkimi falas private ofrohet p\u00ebr ju. T\u00eb gjitha dhomat jan\u00eb me kondicioner, jan\u00eb t\u00eb pajisur me nj\u00eb TV me ekran t\u00eb shesht\u00eb dhe dekoder satelitor.<\/p>\n<a href=\"https:\/\/vivilavita.al\/sq\/about-us\/\" class=\"sohohotel-more-link\">Read More<i class=\"fa fa-angle-right\"><\/i><\/a>","protected":false},"author":1,"featured_media":4228,"parent":0,"menu_order":0,"comment_status":"closed","ping_status":"closed","template":"","meta":{"footnotes":""},"class_list":["post-3593","page","type-page","status-publish","has-post-thumbnail","hentry"],"_links":{"self":[{"href":"https:\/\/vivilavita.al\/sq\/wp-json\/wp\/v2\/pages\/3593","targetHints":{"allow":["GET"]}}],"collection":[{"href":"https:\/\/vivilavita.al\/sq\/wp-json\/wp\/v2\/pages"}],"about":[{"href":"https:\/\/vivilavita.al\/sq\/wp-json\/wp\/v2\/types\/page"}],"author":[{"embeddable":true,"href":"https:\/\/vivilavita.al\/sq\/wp-json\/wp\/v2\/users\/1"}],"replies":[{"embeddable":true,"href":"https:\/\/vivilavita.al\/sq\/wp-json\/wp\/v2\/comments?post=3593"}],"version-history":[{"count":40,"href":"https:\/\/vivilavita.al\/sq\/wp-json\/wp\/v2\/pages\/3593\/revisions"}],"predecessor-version":[{"id":4565,"href":"https:\/\/vivilavita.al\/sq\/wp-json\/wp\/v2\/pages\/3593\/revisions\/4565"}],"wp:featuredmedia":[{"embeddable":true,"href":"https:\/\/vivilavita.al\/sq\/wp-json\/wp\/v2\/media\/4228"}],"wp:attachment":[{"href":"https:\/\/vivilavita.al\/sq\/wp-json\/wp\/v2\/media?parent=3593"}],"curies":[{"name":"wp","href":"https:\/\/api.w.org\/{rel}","templated":true}]}}